{"id":7,"date":"2007-11-20T09:05:30","date_gmt":"2007-11-20T08:05:30","guid":{"rendered":"http:\/\/italie.ilcomuneinforma.it\/voyages\/propose-article\/"},"modified":"2022-12-28T10:59:06","modified_gmt":"2022-12-28T09:59:06","slug":"qui-nous-sommes","status":"publish","type":"page","link":"https:\/\/www.vacancesitalie.net\/voyages\/qui-nous-sommes\/","title":{"rendered":"Qui nous sommes"},"content":{"rendered":"<p>Bienvenus dans la section Articles de Italie.ilcomuneinforma.it, la ressource italienne dedi\u00e9e au Tourisme, aux Voyages et aux Vacances en Italie.<br \/>\nIci, vous trouverez des approfondissements sur le th\u00e8me du Tourisme en Italie, pour lire, il suffit de suivre les cat\u00e9gories \u00e0 droite.<br \/>\nVous pourrez aussi, apr\u00e8s vous \u00eatre enregistr\u00e9, ins\u00e9rer tous les article que vous d\u00e9sirez en relation avec ces diff\u00e9rents sujets:<\/p>\n<p>&#8211;<strong>Vacances<\/strong> (ex: pr\u00e9sentation de structures h\u00e9bergeantes, \u00e9v\u00e9nements touristiques etc..)<br \/>\n&#8211;<strong>Guide<\/strong> (ex: Itin\u00e9raires touristiques d\u2019un endroit sp\u00e9cifiques, \u00e9v\u00e9nements etc\u2026)<br \/>\n&#8211;<strong>Journal<\/strong>\u00a0 (ex: Exp\u00e9rience de voyage en Italie etc..)<br \/>\n&#8211;<strong>Nature<\/strong> (ex: Description de beaut\u00e9es naturelles en Italie, etc..)<br \/>\n&#8211;<strong>Transports<\/strong>: (ex: A\u00e9roport, Bateaux etc..)<\/p>\n<p><strong>Il est conseill\u00e9 d\u2019ins\u00e9rer avec les articles des images en relation avec le sujet de l\u2019article<\/strong><br \/>\nTous les articles peuvent contenir des photos, des liens diff\u00e9rents (aussi les v\u00f4tres) et des informations sur l\u2019auteur de l\u2019article<br \/>\nPourque vos articles soient ins\u00e9rer, ils doivent \u00eatre<br \/>\n<strong>1<\/strong> <em>originaux (\u00e9crits par vous et non pas copi\u00e9 d\u2019un autre site);<\/em><br \/>\n<strong>2<\/strong> <em>Longs (au minimum 1000 mots);<\/em><br \/>\n<strong>3<\/strong> <em>En relation avec les sujets cit\u00e9s en-haut<\/em><br \/>\nNous nous permettront de modifier , de corriger ou de ne pas accepter certains articles que nous jugeront insuffisant ou\u00a0 d\u00e9plac\u00e9s.<\/p>\n<p><strong>COMMENT INSERER DES ARTICLES<\/strong><br \/>\nPour ins\u00e9rer des articles c\u2019est simple, vous devez:<br \/>\n<strong>1<\/strong> Cliquer sur enregistre-toi en bas \u00e0 droite, ins\u00e9rer votre mote de passe et votre adresse email, et apr\u00e8s quelques secondes, vous recevrez par email vos codes d\u2019acc\u00e8s;<\/p>\n<p><strong>2<\/strong> Cliquer sur login (toujours en bas \u00e0 droite) et ins\u00e9rer vos codes d\u2019acc\u00e8s (re\u00e7us par email);<br \/>\n<strong>3<\/strong> Ensuite, allez sur la page \u00e9cris et ins\u00e9rez le Titre et le Texte de votre article (vous pouvez aussi ins\u00e9rer des liens en rapport avec l\u2019article), s\u00e9lectionnez la cat\u00e9gorie \u00e0 laquelle l\u2019article appartient (si la cat\u00e9gorie n\u2019existe pas, ins\u00e9rez-le sur Vacances et nous cr\u00e9eront une cat\u00e9gorie pour Vous). Cliquez sur Sauve<\/p>\n<p>Vous pouvez ins\u00e9rer ainsi GRATUITEMENT tous les articles que vous voulez (aucunes limites), rappelez-vous que les articles devront \u00eatre approuv\u00e9s par l\u2019administrateur qui a la facult\u00e9 de les refuser ou de les modifier.<\/p>\n<p>Contactez-nous \u00e0<\/p>\n<p><strong><img loading=\"lazy\" decoding=\"async\" class=\"alignnone size-full wp-image-338\" src=\"https:\/\/www.vacancesitalie.net\/voyages\/wp-content\/uploads\/mail.png\" alt=\"\" width=\"213\" height=\"20\" \/><\/strong><\/p>\n<p><em>L\u2019administrateur <\/em><\/p>\n","protected":false},"excerpt":{"rendered":"<p>Bienvenus dans la section Articles de Italie.ilcomuneinforma.it, la ressource italienne dedi\u00e9e au Tourisme, aux Voyages et aux Vacances en Italie. Ici, vous trouverez des approfondissements sur le th\u00e8me du Tourisme en Italie, pour lire, il suffit de suivre les cat\u00e9gories \u00e0 droite. Vous pourrez aussi, apr\u00e8s vous \u00eatre enregistr\u00e9, ins\u00e9rer tous les article que vous d\u00e9sirez en relation avec ces diff\u00e9rents sujets: &#8211;Vacances (ex: pr\u00e9sentation de structures h\u00e9bergeantes, \u00e9v\u00e9nements touristiques etc..) &#8211;Guide (ex: Itin\u00e9raires touristiques d\u2019un endroit sp\u00e9cifiques, \u00e9v\u00e9nements etc\u2026) &#8211;Journal\u00a0 (ex: Exp\u00e9rience de voyage en Italie etc..) &#8211;Nature (ex: Description de beaut\u00e9es naturelles en Italie, etc..) &#8211;Transports: (ex: A\u00e9roport, Bateaux etc..) Il est conseill\u00e9 d\u2019ins\u00e9rer avec les articles des images en relation avec le sujet de l\u2019article Tous les articles peuvent contenir des photos, des liens diff\u00e9rents (aussi les v\u00f4tres) et des informations sur l\u2019auteur de l\u2019article Pourque vos articles soient ins\u00e9rer, ils doivent \u00eatre 1 originaux (\u00e9crits par vous et non pas copi\u00e9 d\u2019un autre site); 2 Longs (au minimum 1000 mots); 3 En relation avec les sujets cit\u00e9s en-haut Nous nous permettront de modifier , de corriger ou de ne pas accepter certains articles que nous jugeront insuffisant ou\u00a0 d\u00e9plac\u00e9s. COMMENT INSERER DES ARTICLES Pour ins\u00e9rer des articles c\u2019est simple, vous devez: 1 Cliquer sur enregistre-toi en bas \u00e0 droite, ins\u00e9rer votre mote de passe et votre adresse email, et apr\u00e8s quelques secondes, vous recevrez par email vos codes d\u2019acc\u00e8s; 2 Cliquer sur login (toujours en bas \u00e0 droite) et ins\u00e9rer vos codes d\u2019acc\u00e8s (re\u00e7us par email); 3 Ensuite, allez sur la page \u00e9cris et ins\u00e9rez le Titre et le Texte de votre article (vous pouvez aussi ins\u00e9rer des liens en rapport avec l\u2019article), s\u00e9lectionnez la cat\u00e9gorie \u00e0 laquelle l\u2019article appartient (si la cat\u00e9gorie n\u2019existe pas, ins\u00e9rez-le sur Vacances et nous cr\u00e9eront une cat\u00e9gorie pour Vous). Cliquez sur Sauve Vous pouvez ins\u00e9rer ainsi GRATUITEMENT tous les articles que vous voulez (aucunes limites), rappelez-vous que les articles devront \u00eatre approuv\u00e9s par l\u2019administrateur qui a la facult\u00e9 de les refuser ou de les modifier. Contactez-nous \u00e0 L\u2019administrateur<\/p>\n","protected":false},"author":2,"featured_media":0,"parent":0,"menu_order":0,"comment_status":"closed","ping_status":"closed","template":"","meta":{"footnotes":""},"class_list":["post-7","page","type-page","status-publish","hentry"],"yoast_head":"<!-- This site is optimized with the Yoast SEO plugin v25.5 - https:\/\/yoast.com\/wordpress\/plugins\/seo\/ -->\n<title>Qui nous sommes - Voyages et Vacances en Italie<\/title>\n<meta name=\"robots\" content=\"index, follow, max-snippet:-1, max-image-preview:large, max-video-preview:-1\" \/>\n<link rel=\"canonical\" href=\"https:\/\/www.vacancesitalie.net\/voyages\/qui-nous-sommes\/\" \/>\n<meta property=\"og:locale\" content=\"en_US\" \/>\n<meta property=\"og:type\" content=\"article\" \/>\n<meta property=\"og:title\" content=\"Qui nous sommes - Voyages et Vacances en Italie\" \/>\n<meta property=\"og:description\" content=\"Bienvenus dans la section Articles de Italie.ilcomuneinforma.it, la ressource italienne dedi\u00e9e au Tourisme, aux Voyages et aux Vacances en Italie. Ici, vous trouverez des approfondissements sur le th\u00e8me du Tourisme en Italie, pour lire, il suffit de suivre les cat\u00e9gories \u00e0 droite. Vous pourrez aussi, apr\u00e8s vous \u00eatre enregistr\u00e9, ins\u00e9rer tous les article que vous d\u00e9sirez en relation avec ces diff\u00e9rents sujets: &#8211;Vacances (ex: pr\u00e9sentation de structures h\u00e9bergeantes, \u00e9v\u00e9nements touristiques etc..) &#8211;Guide (ex: Itin\u00e9raires touristiques d\u2019un endroit sp\u00e9cifiques, \u00e9v\u00e9nements etc\u2026) &#8211;Journal\u00a0 (ex: Exp\u00e9rience de voyage en Italie etc..) &#8211;Nature (ex: Description de beaut\u00e9es naturelles en Italie, etc..) &#8211;Transports: (ex: A\u00e9roport, Bateaux etc..) Il est conseill\u00e9 d\u2019ins\u00e9rer avec les articles des images en relation avec le sujet de l\u2019article Tous les articles peuvent contenir des photos, des liens diff\u00e9rents (aussi les v\u00f4tres) et des informations sur l\u2019auteur de l\u2019article Pourque vos articles soient ins\u00e9rer, ils doivent \u00eatre 1 originaux (\u00e9crits par vous et non pas copi\u00e9 d\u2019un autre site); 2 Longs (au minimum 1000 mots); 3 En relation avec les sujets cit\u00e9s en-haut Nous nous permettront de modifier , de corriger ou de ne pas accepter certains articles que nous jugeront insuffisant ou\u00a0 d\u00e9plac\u00e9s. COMMENT INSERER DES ARTICLES Pour ins\u00e9rer des articles c\u2019est simple, vous devez: 1 Cliquer sur enregistre-toi en bas \u00e0 droite, ins\u00e9rer votre mote de passe et votre adresse email, et apr\u00e8s quelques secondes, vous recevrez par email vos codes d\u2019acc\u00e8s; 2 Cliquer sur login (toujours en bas \u00e0 droite) et ins\u00e9rer vos codes d\u2019acc\u00e8s (re\u00e7us par email); 3 Ensuite, allez sur la page \u00e9cris et ins\u00e9rez le Titre et le Texte de votre article (vous pouvez aussi ins\u00e9rer des liens en rapport avec l\u2019article), s\u00e9lectionnez la cat\u00e9gorie \u00e0 laquelle l\u2019article appartient (si la cat\u00e9gorie n\u2019existe pas, ins\u00e9rez-le sur Vacances et nous cr\u00e9eront une cat\u00e9gorie pour Vous). Cliquez sur Sauve Vous pouvez ins\u00e9rer ainsi GRATUITEMENT tous les articles que vous voulez (aucunes limites), rappelez-vous que les articles devront \u00eatre approuv\u00e9s par l\u2019administrateur qui a la facult\u00e9 de les refuser ou de les modifier. Contactez-nous \u00e0 L\u2019administrateur\" \/>\n<meta property=\"og:url\" content=\"https:\/\/www.vacancesitalie.net\/voyages\/qui-nous-sommes\/\" \/>\n<meta property=\"og:site_name\" content=\"Voyages et Vacances en Italie\" \/>\n<meta property=\"article:modified_time\" content=\"2022-12-28T09:59:06+00:00\" \/>\n<meta property=\"og:image\" content=\"https:\/\/www.vacancesitalie.net\/voyages\/wp-content\/uploads\/mail.png\" \/>\n<meta name=\"twitter:card\" content=\"summary_large_image\" \/>\n<meta name=\"twitter:label1\" content=\"Est. reading time\" \/>\n\t<meta name=\"twitter:data1\" content=\"2 minutes\" \/>\n<script type=\"application\/ld+json\" class=\"yoast-schema-graph\">{\"@context\":\"https:\/\/schema.org\",\"@graph\":[{\"@type\":\"WebPage\",\"@id\":\"https:\/\/www.vacancesitalie.net\/voyages\/qui-nous-sommes\/\",\"url\":\"https:\/\/www.vacancesitalie.net\/voyages\/qui-nous-sommes\/\",\"name\":\"Qui nous sommes - Voyages et Vacances en Italie\",\"isPartOf\":{\"@id\":\"https:\/\/www.vacancesitalie.net\/voyages\/#website\"},\"primaryImageOfPage\":{\"@id\":\"https:\/\/www.vacancesitalie.net\/voyages\/qui-nous-sommes\/#primaryimage\"},\"image\":{\"@id\":\"https:\/\/www.vacancesitalie.net\/voyages\/qui-nous-sommes\/#primaryimage\"},\"thumbnailUrl\":\"https:\/\/www.vacancesitalie.net\/voyages\/wp-content\/uploads\/mail.png\",\"datePublished\":\"2007-11-20T08:05:30+00:00\",\"dateModified\":\"2022-12-28T09:59:06+00:00\",\"breadcrumb\":{\"@id\":\"https:\/\/www.vacancesitalie.net\/voyages\/qui-nous-sommes\/#breadcrumb\"},\"inLanguage\":\"en-US\",\"potentialAction\":[{\"@type\":\"ReadAction\",\"target\":[\"https:\/\/www.vacancesitalie.net\/voyages\/qui-nous-sommes\/\"]}]},{\"@type\":\"ImageObject\",\"inLanguage\":\"en-US\",\"@id\":\"https:\/\/www.vacancesitalie.net\/voyages\/qui-nous-sommes\/#primaryimage\",\"url\":\"https:\/\/www.vacancesitalie.net\/voyages\/wp-content\/uploads\/mail.png\",\"contentUrl\":\"https:\/\/www.vacancesitalie.net\/voyages\/wp-content\/uploads\/mail.png\",\"width\":213,\"height\":20},{\"@type\":\"BreadcrumbList\",\"@id\":\"https:\/\/www.vacancesitalie.net\/voyages\/qui-nous-sommes\/#breadcrumb\",\"itemListElement\":[{\"@type\":\"ListItem\",\"position\":1,\"name\":\"Home\",\"item\":\"https:\/\/www.vacancesitalie.net\/voyages\/\"},{\"@type\":\"ListItem\",\"position\":2,\"name\":\"Qui nous sommes\"}]},{\"@type\":\"WebSite\",\"@id\":\"https:\/\/www.vacancesitalie.net\/voyages\/#website\",\"url\":\"https:\/\/www.vacancesitalie.net\/voyages\/\",\"name\":\"Voyages et Vacances en Italie\",\"description\":\"Astuces, renseignements et information sur l\\\\&#039;Italie. Divis\u00e9 par cat\u00e9gorie et par r\u00e9gion. Ev\u00e9nements, festivals et foires pour organiser les vacances en Italie.\",\"potentialAction\":[{\"@type\":\"SearchAction\",\"target\":{\"@type\":\"EntryPoint\",\"urlTemplate\":\"https:\/\/www.vacancesitalie.net\/voyages\/?s={search_term_string}\"},\"query-input\":{\"@type\":\"PropertyValueSpecification\",\"valueRequired\":true,\"valueName\":\"search_term_string\"}}],\"inLanguage\":\"en-US\"}]}<\/script>\n<!-- \/ Yoast SEO plugin. -->","yoast_head_json":{"title":"Qui nous sommes - Voyages et Vacances en Italie","robots":{"index":"index","follow":"follow","max-snippet":"max-snippet:-1","max-image-preview":"max-image-preview:large","max-video-preview":"max-video-preview:-1"},"canonical":"https:\/\/www.vacancesitalie.net\/voyages\/qui-nous-sommes\/","og_locale":"en_US","og_type":"article","og_title":"Qui nous sommes - Voyages et Vacances en Italie","og_description":"Bienvenus dans la section Articles de Italie.ilcomuneinforma.it, la ressource italienne dedi\u00e9e au Tourisme, aux Voyages et aux Vacances en Italie. Ici, vous trouverez des approfondissements sur le th\u00e8me du Tourisme en Italie, pour lire, il suffit de suivre les cat\u00e9gories \u00e0 droite. Vous pourrez aussi, apr\u00e8s vous \u00eatre enregistr\u00e9, ins\u00e9rer tous les article que vous d\u00e9sirez en relation avec ces diff\u00e9rents sujets: &#8211;Vacances (ex: pr\u00e9sentation de structures h\u00e9bergeantes, \u00e9v\u00e9nements touristiques etc..) &#8211;Guide (ex: Itin\u00e9raires touristiques d\u2019un endroit sp\u00e9cifiques, \u00e9v\u00e9nements etc\u2026) &#8211;Journal\u00a0 (ex: Exp\u00e9rience de voyage en Italie etc..) &#8211;Nature (ex: Description de beaut\u00e9es naturelles en Italie, etc..) &#8211;Transports: (ex: A\u00e9roport, Bateaux etc..) Il est conseill\u00e9 d\u2019ins\u00e9rer avec les articles des images en relation avec le sujet de l\u2019article Tous les articles peuvent contenir des photos, des liens diff\u00e9rents (aussi les v\u00f4tres) et des informations sur l\u2019auteur de l\u2019article Pourque vos articles soient ins\u00e9rer, ils doivent \u00eatre 1 originaux (\u00e9crits par vous et non pas copi\u00e9 d\u2019un autre site); 2 Longs (au minimum 1000 mots); 3 En relation avec les sujets cit\u00e9s en-haut Nous nous permettront de modifier , de corriger ou de ne pas accepter certains articles que nous jugeront insuffisant ou\u00a0 d\u00e9plac\u00e9s. COMMENT INSERER DES ARTICLES Pour ins\u00e9rer des articles c\u2019est simple, vous devez: 1 Cliquer sur enregistre-toi en bas \u00e0 droite, ins\u00e9rer votre mote de passe et votre adresse email, et apr\u00e8s quelques secondes, vous recevrez par email vos codes d\u2019acc\u00e8s; 2 Cliquer sur login (toujours en bas \u00e0 droite) et ins\u00e9rer vos codes d\u2019acc\u00e8s (re\u00e7us par email); 3 Ensuite, allez sur la page \u00e9cris et ins\u00e9rez le Titre et le Texte de votre article (vous pouvez aussi ins\u00e9rer des liens en rapport avec l\u2019article), s\u00e9lectionnez la cat\u00e9gorie \u00e0 laquelle l\u2019article appartient (si la cat\u00e9gorie n\u2019existe pas, ins\u00e9rez-le sur Vacances et nous cr\u00e9eront une cat\u00e9gorie pour Vous). Cliquez sur Sauve Vous pouvez ins\u00e9rer ainsi GRATUITEMENT tous les articles que vous voulez (aucunes limites), rappelez-vous que les articles devront \u00eatre approuv\u00e9s par l\u2019administrateur qui a la facult\u00e9 de les refuser ou de les modifier. Contactez-nous \u00e0 L\u2019administrateur","og_url":"https:\/\/www.vacancesitalie.net\/voyages\/qui-nous-sommes\/","og_site_name":"Voyages et Vacances en Italie","article_modified_time":"2022-12-28T09:59:06+00:00","og_image":[{"url":"https:\/\/www.vacancesitalie.net\/voyages\/wp-content\/uploads\/mail.png","type":"","width":"","height":""}],"twitter_card":"summary_large_image","twitter_misc":{"Est. reading time":"2 minutes"},"schema":{"@context":"https:\/\/schema.org","@graph":[{"@type":"WebPage","@id":"https:\/\/www.vacancesitalie.net\/voyages\/qui-nous-sommes\/","url":"https:\/\/www.vacancesitalie.net\/voyages\/qui-nous-sommes\/","name":"Qui nous sommes - Voyages et Vacances en Italie","isPartOf":{"@id":"https:\/\/www.vacancesitalie.net\/voyages\/#website"},"primaryImageOfPage":{"@id":"https:\/\/www.vacancesitalie.net\/voyages\/qui-nous-sommes\/#primaryimage"},"image":{"@id":"https:\/\/www.vacancesitalie.net\/voyages\/qui-nous-sommes\/#primaryimage"},"thumbnailUrl":"https:\/\/www.vacancesitalie.net\/voyages\/wp-content\/uploads\/mail.png","datePublished":"2007-11-20T08:05:30+00:00","dateModified":"2022-12-28T09:59:06+00:00","breadcrumb":{"@id":"https:\/\/www.vacancesitalie.net\/voyages\/qui-nous-sommes\/#breadcrumb"},"inLanguage":"en-US","potentialAction":[{"@type":"ReadAction","target":["https:\/\/www.vacancesitalie.net\/voyages\/qui-nous-sommes\/"]}]},{"@type":"ImageObject","inLanguage":"en-US","@id":"https:\/\/www.vacancesitalie.net\/voyages\/qui-nous-sommes\/#primaryimage","url":"https:\/\/www.vacancesitalie.net\/voyages\/wp-content\/uploads\/mail.png","contentUrl":"https:\/\/www.vacancesitalie.net\/voyages\/wp-content\/uploads\/mail.png","width":213,"height":20},{"@type":"BreadcrumbList","@id":"https:\/\/www.vacancesitalie.net\/voyages\/qui-nous-sommes\/#breadcrumb","itemListElement":[{"@type":"ListItem","position":1,"name":"Home","item":"https:\/\/www.vacancesitalie.net\/voyages\/"},{"@type":"ListItem","position":2,"name":"Qui nous sommes"}]},{"@type":"WebSite","@id":"https:\/\/www.vacancesitalie.net\/voyages\/#website","url":"https:\/\/www.vacancesitalie.net\/voyages\/","name":"Voyages et Vacances en Italie","description":"Astuces, renseignements et information sur l\\&#039;Italie. Divis\u00e9 par cat\u00e9gorie et par r\u00e9gion. Ev\u00e9nements, festivals et foires pour organiser les vacances en Italie.","potentialAction":[{"@type":"SearchAction","target":{"@type":"EntryPoint","urlTemplate":"https:\/\/www.vacancesitalie.net\/voyages\/?s={search_term_string}"},"query-input":{"@type":"PropertyValueSpecification","valueRequired":true,"valueName":"search_term_string"}}],"inLanguage":"en-US"}]}},"_links":{"self":[{"href":"https:\/\/www.vacancesitalie.net\/voyages\/wp-json\/wp\/v2\/pages\/7","targetHints":{"allow":["GET"]}}],"collection":[{"href":"https:\/\/www.vacancesitalie.net\/voyages\/wp-json\/wp\/v2\/pages"}],"about":[{"href":"https:\/\/www.vacancesitalie.net\/voyages\/wp-json\/wp\/v2\/types\/page"}],"author":[{"embeddable":true,"href":"https:\/\/www.vacancesitalie.net\/voyages\/wp-json\/wp\/v2\/users\/2"}],"replies":[{"embeddable":true,"href":"https:\/\/www.vacancesitalie.net\/voyages\/wp-json\/wp\/v2\/comments?post=7"}],"version-history":[{"count":0,"href":"https:\/\/www.vacancesitalie.net\/voyages\/wp-json\/wp\/v2\/pages\/7\/revisions"}],"wp:attachment":[{"href":"https:\/\/www.vacancesitalie.net\/voyages\/wp-json\/wp\/v2\/media?parent=7"}],"curies":[{"name":"wp","href":"https:\/\/api.w.org\/{rel}","templated":true}]}}